{"id":231,"date":"2015-03-31T15:46:32","date_gmt":"2015-03-31T15:46:32","guid":{"rendered":"http:\/\/localhost\/chilelacteo-test1\/?page_id=231"},"modified":"2017-06-01T18:01:29","modified_gmt":"2017-06-01T18:01:29","slug":"inscripciones","status":"publish","type":"page","link":"http:\/\/www.chilelacteo.cl\/2017\/inscripciones\/","title":{"rendered":"INSCRIPCIONES"},"content":{"rendered":"<p>[vc_row][vc_column][vc_column_text]<!--inscripciones--><\/p>\n<div class=\"inscripciones\">\n<p><!--tabla de valores--><\/p>\n<div style=\"overflow: hidden; width: 100%;\">\n<table class=\"valores\"><!--DWLayoutTable--><\/p>\n<tbody>\n<tr>\n<td style=\"background-color: #009de0; color: #fff;\">FECHAS<\/td>\n<td style=\"background-color: #009de0; color: #fff;\">SOCIOS FEDELECHE<\/td>\n<td style=\"background-color: #009de0; color: #fff;\">PARTICIPANTES<\/td>\n<td style=\"background-color: #009de0; color: #fff;\">ESTUDIANTES<\/td>\n<\/tr>\n<tr>\n<td>Desde el 01 al 09 de Junio, 2017<\/td>\n<td>$140.000<\/td>\n<td>$240.000<\/td>\n<td>$120.000<\/td>\n<\/tr>\n<tr>\n<td>Desde el 10 al 13 de Junio, 2017<\/td>\n<td>$145.000<\/td>\n<td>$250.000<\/td>\n<td>$120.000<\/td>\n<\/tr>\n<\/tbody>\n<\/table>\n<\/div>\n<p><!--\/tabla --><br \/>\n<!--notas--><\/p>\n<div style=\"background-color: #f8f8f8; padding: 1px; padding-left: 5px; overflow: hidden; width: 100%;\">\n<p><strong>Notas:<\/strong><\/p>\n<ol>\n<li>Cupos limitados, se dar\u00e1 aviso cuando se cierren las inscripciones.<\/li>\n<li>Socios FEDELECHE: APROLECHE CENTRO, APROLECHE LINARES , APROLECHE \u00d1UBLE, APROLECHE BIO BIO, APROLECHE ARAUCANIA, APROLECHE OSORNO Y AGROLLANQUIHUE.<\/li>\n<li>Los estudiantes pre-grado deber\u00e1n enviar, junto a su inscripci\u00f3n, certificado de alumno regular.<\/li>\n<li>Para el ingreso al Congreso debe presentar Voucher o c\u00e9dula de identidad para realizar la acreditaci\u00f3n.<\/li>\n<li>Valores incluyen: bolso con material del Congreso, 2 almuerzos, recreos l\u00e1cteos, cena entretenida, c\u00f3ctel de clausura y certificado de asistencia.<\/li>\n<\/ol>\n<\/div>\n<p><!--\/notas--><\/p>\n<p><!--formas de pago--><\/p>\n<div style=\"background-color: #f8f8f8; padding: 1px; padding-left: 5px; margin-top: 25px;\">\n<p><strong>FORMAS DE PAGO<\/strong><\/p>\n<ol>\n<li><b>Transferencia electr\u00f3nica en cuenta corriente:<br \/>\n<\/b>A nombre de FEDELECHE F.G., Banco Chile, cta cte N\u00b0230-03304-00, RUT: 75.332.200-0, Mail: inscripciones@chilelacteo.cl , debe indicar el nombre a qui\u00e9n corresponde la Inscripci\u00f3n.<\/li>\n<li><b>Dep\u00f3sito en cuenta corriente:<br \/>\n<\/b>A nombre de FEDELECHE F.G., Banco Chile, cta cte N\u00b0230-03304-00, enviar comprobante de dep\u00f3sito indicando a nombre de qui\u00e9n corresponde la Inscripci\u00f3n al Mail: inscripciones@chilelacteo.cl<\/li>\n<li><b>Pago directo en su APROLECHE al momento de realizar su inscripci\u00f3n.<\/b><\/li>\n<\/ol>\n<\/div>\n<p><!--\/formas de pago--><\/p>\n<p><!--informaci\u00f2n y mapa\n\n\n<div class=\"infomap\" style=\"margin-top: 15px;\">\n\n\n<div class=\"info\">\n\n<strong>APROLECHE BIO BIO<\/strong>\n\nAsociaci\u00f3n de Productores de Leche Bio Bio\n\nLautaro N\u00ba 220, Los Angeles\n\nFono: 43-533350\n\ncomunicaciones@socabio.cl<\/div>\n\n\n\n\n<div class=\"map\"><iframe loading=\"lazy\" src=\"https:\/\/maps.google.cl\/maps?f=q&amp;source=s_q&amp;hl=es-419&amp;geocode=&amp;q=Lautaro+N%C2%BA+220,+Los+Angeles&amp;sll=-33.668298,-70.363372&amp;sspn=1.195531,2.688904&amp;ie=UTF8&amp;hq=&amp;hnear=Lautaro+220,+Los+Angeles,+Biob%C3%ADo&amp;t=m&amp;ll=-37.470533,-72.350035&amp;spn=0.006812,0.012875&amp;z=15&amp;output=embed\" width=\"100%\" height=\"100%\" frameborder=\"0\" marginwidth=\"0\" marginheight=\"0\" scrolling=\"no\">\n<\/iframe><\/div>\n\n\n<\/div>\n\n\n\n\n<div class=\"infomap\">\n\n\n<div class=\"info\">\n\n<strong>APROLECHE ARAUCANIA<\/strong>\n\nAsociaci\u00f3n de Productores de Leche\n\nRegi\u00f3n de la Araucan\u00eda\n\nFono: 76677550\n\naprolechearaucania@fedeleche.cl<\/div>\n\n\n\n\n<div class=\"map\"><iframe loading=\"lazy\" style=\"border: 0;\" src=\"https:\/\/www.google.com\/maps\/embed?pb=!1m18!1m12!1m3!1d1596170.9013074252!2d-72.17649169999999!3d-38.613887150000004!2m3!1f0!2f0!3f0!3m2!1i1024!2i768!4f13.1!3m3!1m2!1s0x9614b2c8d0e8c75d%3A0x31dd188520a10606!2sAraucan%C3%ADa!5e0!3m2!1ses-419!2scl!4v1427469173533\" width=\"100%\" height=\"100%\" frameborder=\"0\">\n<\/iframe><\/div>\n\n\n<\/div>\n\n\n\n\n<div class=\"infomap\">\n\n\n<div class=\"info\">\n\n<strong>APROVAL LECHE A.G.<\/strong>\n\nAsociaci\u00f3n de Productores de Leche Valdivia\n\nMaip\u00fa N\u00ba 251 oficina 604 A, Valdivia\n\nFono: 63-2213577\n\ninfo@aproval.cl<\/div>\n\n\n\n\n<div class=\"map\"><iframe loading=\"lazy\" src=\"https:\/\/maps.google.cl\/maps?f=q&amp;source=s_q&amp;hl=es-419&amp;geocode=&amp;q=Maip%C3%BA+N%C2%BA+187,+Valdivia&amp;aq=&amp;sll=-37.470266,-72.34987&amp;sspn=0.008907,0.021007&amp;ie=UTF8&amp;hq=&amp;hnear=Maip%C3%BA+187,+Valdivia,+Los+R%C3%ADos&amp;t=m&amp;ll=-39.814668,-73.24645&amp;spn=0.013186,0.025663&amp;z=14&amp;iwloc=A&amp;output=embed\" width=\"100%\" height=\"100%\" frameborder=\"0\" marginwidth=\"0\" marginheight=\"0\" scrolling=\"no\">\n<\/iframe><\/div>\n\n\n<\/div>\n\n\n\n\n<div class=\"infomap\">\n\n\n<div class=\"info\">\n\n<strong>APROLECHE OSORNO<\/strong>\n\nAsociaci\u00f3n de Productores de Leche Osorno\n\nCesar Ercilla S\/N, Recinto Sago, Osorno\n\nFono: 64-2200350\n\nfkenigs@aproleche.cl<\/div>\n\n\n\n\n<div class=\"map\"><iframe loading=\"lazy\" src=\"https:\/\/maps.google.cl\/maps?f=q&amp;source=s_q&amp;hl=es-419&amp;geocode=&amp;q=Cesar+Ercilla+S%2FN,+Recinto+Sago,+Osorno&amp;aq=&amp;sll=-39.814679,-73.246493&amp;sspn=0.00862,0.021007&amp;g=Maip%C3%BA+N%C2%BA+187,+Valdivia&amp;ie=UTF8&amp;hq=Cesar+Ercilla+S%2FN,+Recinto+Sago,&amp;hnear=Osorno,+Los+Lagos&amp;t=m&amp;ll=-40.580422,-73.115902&amp;spn=0.006519,0.012832&amp;z=15&amp;iwloc=A&amp;output=embed\" width=\"100%\" height=\"100%\" frameborder=\"0\" marginwidth=\"0\" marginheight=\"0\" scrolling=\"no\">\n<\/iframe><\/div>\n\n\n<\/div>\n\n\n\n\n<div class=\"infomap\">\n\n\n<div class=\"info\">\n\n<strong>AGROLLANQUIHUE<\/strong>\n\nAsociaci\u00f3n de Productores de Llanquihue\n\nQuillota 122 piso 2, Puerto Montt\n\nFono: 65-2253015\n\nagrollanquihue@gmail.com<\/div>\n\n\n\n\n<div class=\"map\">\n\n<iframe loading=\"lazy\" style=\"border: 0;\" src=\"https:\/\/www.google.com\/maps\/embed?pb=!1m14!1m8!1m3!1d23915.977744580152!2d-72.938324!3d-41.47181900000001!3m2!1i1024!2i768!4f13.1!3m3!1m2!1s0x96183a51a49ca499%3A0x91a76812a651348f!2sQuillota+122%2C+Puerto+Montt%2C+Los+Lagos%2C+Chile!5e0!3m2!1ses-419!2sus!4v1427406925617\" width=\"100%\" height=\"100%\" frameborder=\"0\">&nbsp;\n\n<\/iframe><\/div>\n\n\n<a id=\"inscripcion\" name=\"inscripcion\"><\/a><\/div>\n\n\n<\/div>\n\n\n<!--\/inscripciones--><br \/>\n<!--\n\n\n<h2 style=\"margin: 8% 0 -5% 0;\">FORMULARIO DE INSCRIPCI\u00d3N<\/h2>\n\n\n<iframe loading=\"lazy\" src=\"http:\/\/www.chilelacteo.cl\/2017\/wp-content\/themes\/chilelacteo2015\/inscripcion.html\" width=\"475\" height=\"880\" frameborder=\"0\" marginwidth=\"0\" marginheight=\"0\" scrolling=\"no\"><\/iframe>--><\/p>\n<\/div>\n<p>[\/vc_column_text][vc_btn title=&#8221;FORMULARIO DE INSCRIPCI\u00d3N 2017&#8243; color=&#8221;primary&#8221; link=&#8221;url:http%3A%2F%2Fapp.infocongress.cl%2Fpublic%2Finscripcion%2Fchilelacteo2017||target:%20_blank|&#8221;][\/vc_column][\/vc_row]<br \/>\n<script><\/script><\/p>\n","protected":false},"excerpt":{"rendered":"<p>[vc_row][vc_column][vc_column_text] FECHAS SOCIOS FEDELECHE PARTICIPANTES ESTUDIANTES Desde el 01 al 09 de Junio, 2017 $140.000 $240.000 $120.000 Desde el 10 al 13 de Junio, [&hellip;]<\/p>\n","protected":false},"author":1,"featured_media":0,"parent":0,"menu_order":0,"comment_status":"open","ping_status":"open","template":"","meta":{"_monsterinsights_skip_tracking":false,"_monsterinsights_sitenote_active":false,"_monsterinsights_sitenote_note":"","_monsterinsights_sitenote_category":0,"footnotes":""},"_links":{"self":[{"href":"http:\/\/www.chilelacteo.cl\/2017\/wp-json\/wp\/v2\/pages\/231"}],"collection":[{"href":"http:\/\/www.chilelacteo.cl\/2017\/wp-json\/wp\/v2\/pages"}],"about":[{"href":"http:\/\/www.chilelacteo.cl\/2017\/wp-json\/wp\/v2\/types\/page"}],"author":[{"embeddable":true,"href":"http:\/\/www.chilelacteo.cl\/2017\/wp-json\/wp\/v2\/users\/1"}],"replies":[{"embeddable":true,"href":"http:\/\/www.chilelacteo.cl\/2017\/wp-json\/wp\/v2\/comments?post=231"}],"version-history":[{"count":9,"href":"http:\/\/www.chilelacteo.cl\/2017\/wp-json\/wp\/v2\/pages\/231\/revisions"}],"predecessor-version":[{"id":761,"href":"http:\/\/www.chilelacteo.cl\/2017\/wp-json\/wp\/v2\/pages\/231\/revisions\/761"}],"wp:attachment":[{"href":"http:\/\/www.chilelacteo.cl\/2017\/wp-json\/wp\/v2\/media?parent=231"}],"curies":[{"name":"wp","href":"https:\/\/api.w.org\/{rel}","templated":true}]}}